{"id":2092,"date":"2020-12-07T23:19:14","date_gmt":"2020-12-07T22:19:14","guid":{"rendered":"https:\/\/www.stahlgeroehr.de\/?page_id=2092"},"modified":"2021-09-13T00:04:51","modified_gmt":"2021-09-12T22:04:51","slug":"ueber-uns","status":"publish","type":"page","link":"https:\/\/www.stahlgeroehr.de\/en\/ueber-uns\/","title":{"rendered":"\u00fcber uns"},"content":{"rendered":"\t\t<div data-elementor-type=\"wp-page\" data-elementor-id=\"2092\" class=\"elementor elementor-2092\" data-elementor-post-type=\"page\">\n\t\t\t\t\t\t<section class=\"elementor-section elementor-top-section elementor-element elementor-element-752e661c elementor-section-full_width elementor-section-height-default elementor-section-height-default\" data-id=\"752e661c\" data-element_type=\"section\" data-e-type=\"section\" data-settings=\"{&quot;background_background&quot;:&quot;classic&quot;,&quot;motion_fx_motion_fx_scrolling&quot;:&quot;yes&quot;,&quot;motion_fx_range&quot;:&quot;viewport&quot;,&quot;motion_fx_devices&quot;:[&quot;desktop&quot;,&quot;tablet&quot;,&quot;mobile&quot;]}\">\n\t\t\t\t\t\t<div class=\"elementor-container elementor-column-gap-no\">\n\t\t\t\t\t<div class=\"elementor-column elementor-col-50 elementor-top-column elementor-element elementor-element-3380db94\" data-id=\"3380db94\" data-element_type=\"column\" data-e-type=\"column\">\n\t\t\t<div class=\"elementor-widget-wrap elementor-element-populated\">\n\t\t\t\t\t\t<div class=\"elementor-element elementor-element-26ce2f5d animated-slow elementor-widget elementor-widget-image\" data-id=\"26ce2f5d\" data-element_type=\"widget\" data-e-type=\"widget\" data-settings=\"{&quot;_animation&quot;:&quot;none&quot;}\" data-widget_type=\"image.default\">\n\t\t\t\t<div class=\"elementor-widget-container\">\n\t\t\t\t\t\t\t\t\t\t\t\t\t\t\t<img fetchpriority=\"high\" decoding=\"async\" width=\"2560\" height=\"1707\" src=\"https:\/\/www.stahlgeroehr.de\/wp-content\/uploads\/2021\/01\/20210103_Ueber-Uns_01-scaled.jpg\" class=\"attachment-full size-full wp-image-3102\" alt=\"\" srcset=\"https:\/\/www.stahlgeroehr.de\/wp-content\/uploads\/2021\/01\/20210103_Ueber-Uns_01-scaled.jpg 2560w, https:\/\/www.stahlgeroehr.de\/wp-content\/uploads\/2021\/01\/20210103_Ueber-Uns_01-300x200.jpg 300w, https:\/\/www.stahlgeroehr.de\/wp-content\/uploads\/2021\/01\/20210103_Ueber-Uns_01-1024x683.jpg 1024w, https:\/\/www.stahlgeroehr.de\/wp-content\/uploads\/2021\/01\/20210103_Ueber-Uns_01-150x100.jpg 150w, https:\/\/www.stahlgeroehr.de\/wp-content\/uploads\/2021\/01\/20210103_Ueber-Uns_01-768x512.jpg 768w, https:\/\/www.stahlgeroehr.de\/wp-content\/uploads\/2021\/01\/20210103_Ueber-Uns_01-1536x1024.jpg 1536w, https:\/\/www.stahlgeroehr.de\/wp-content\/uploads\/2021\/01\/20210103_Ueber-Uns_01-2048x1365.jpg 2048w, https:\/\/www.stahlgeroehr.de\/wp-content\/uploads\/2021\/01\/20210103_Ueber-Uns_01-2000x1333.jpg 2000w\" sizes=\"(max-width: 2560px) 100vw, 2560px\" \/>\t\t\t\t\t\t\t\t\t\t\t\t\t\t\t<\/div>\n\t\t\t\t<\/div>\n\t\t\t\t\t<\/div>\n\t\t<\/div>\n\t\t\t\t<div class=\"elementor-column elementor-col-50 elementor-top-column elementor-element elementor-element-27f0d3b2\" data-id=\"27f0d3b2\" data-element_type=\"column\" data-e-type=\"column\">\n\t\t\t<div class=\"elementor-widget-wrap elementor-element-populated\">\n\t\t\t\t\t\t<div class=\"elementor-element elementor-element-68788ada elementor-widget elementor-widget-heading\" data-id=\"68788ada\" data-element_type=\"widget\" data-e-type=\"widget\" data-settings=\"{&quot;motion_fx_motion_fx_scrolling&quot;:&quot;yes&quot;,&quot;motion_fx_range&quot;:&quot;viewport&quot;,&quot;motion_fx_opacity_effect&quot;:&quot;yes&quot;,&quot;motion_fx_opacity_range&quot;:{&quot;unit&quot;:&quot;%&quot;,&quot;size&quot;:&quot;&quot;,&quot;sizes&quot;:{&quot;start&quot;:20,&quot;end&quot;:40}},&quot;motion_fx_opacity_direction&quot;:&quot;out-in&quot;,&quot;motion_fx_opacity_level&quot;:{&quot;unit&quot;:&quot;px&quot;,&quot;size&quot;:10,&quot;sizes&quot;:[]},&quot;motion_fx_devices&quot;:[&quot;desktop&quot;,&quot;tablet&quot;,&quot;mobile&quot;]}\" data-widget_type=\"heading.default\">\n\t\t\t\t<div class=\"elementor-widget-container\">\n\t\t\t\t\t<h2 class=\"elementor-heading-title elementor-size-default\">\u00dcber Uns<\/h2>\t\t\t\t<\/div>\n\t\t\t\t<\/div>\n\t\t\t\t<div class=\"elementor-element elementor-element-6c0e6c8a elementor-widget elementor-widget-heading\" data-id=\"6c0e6c8a\" data-element_type=\"widget\" data-e-type=\"widget\" data-settings=\"{&quot;motion_fx_motion_fx_scrolling&quot;:&quot;yes&quot;,&quot;motion_fx_opacity_effect&quot;:&quot;yes&quot;,&quot;motion_fx_opacity_range&quot;:{&quot;unit&quot;:&quot;%&quot;,&quot;size&quot;:&quot;&quot;,&quot;sizes&quot;:{&quot;start&quot;:18,&quot;end&quot;:38}},&quot;motion_fx_opacity_direction&quot;:&quot;out-in&quot;,&quot;motion_fx_opacity_level&quot;:{&quot;unit&quot;:&quot;px&quot;,&quot;size&quot;:10,&quot;sizes&quot;:[]},&quot;motion_fx_devices&quot;:[&quot;desktop&quot;,&quot;tablet&quot;,&quot;mobile&quot;]}\" data-widget_type=\"heading.default\">\n\t\t\t\t<div class=\"elementor-widget-container\">\n\t\t\t\t\t<h2 class=\"elementor-heading-title elementor-size-default\">Wir sind zwei Freunde, im Wahn der Faszination f\u00fcr Vintage Rennr\u00e4der zusammengekommen und seitdem immer auf der Suche nach neuen Projekten. Es fing mit g\u00fcnstigen R\u00e4dern an, die wir mit unserem Taschengeld bezahlten und allm\u00e4hlich wuchs das Interesse und das Verst\u00e4ndnis f\u00fcr die Materie und somit auch die Quantit\u00e4t und die Qualit\u00e4t der St\u00fccke. Das l\u00e4uft nun jetzt schon seit 2015 so und mit der Zeit durften wir viel lernen und so manch eine fassungslose Stunde in der Werkstatt verbringen. Wir erleben aber nat\u00fcrlich auch sch\u00f6ne Momente miteinander. Das Gef\u00fchl, ein Projekt beendet zu wissen und es dann an einen wertsch\u00e4tzenden Abnehmer oder an eine Abnehmerin zu geben, grenzt an Befreiung. Denn genau dann wird der Prozess vollendet, den wir angesto\u00dfen haben. Die R\u00e4der, die wir kaufen werden von ihren urspr\u00fcnglichen Besitzern meist nicht mehr gewollt. Entweder fehlt der Bezug zu dem Rad, es ist etwas defekt oder es ist ganz einfach kein Platz mehr im Keller. Wir nehmen uns dessen an und hauchen neues Leben in das, was vergessen und \u00fcberholt schien. Und dieser Prozess wird nun mal von der Person vollendet, die das Rad wieder auf die Piste bringt.\n<\/h2>\t\t\t\t<\/div>\n\t\t\t\t<\/div>\n\t\t\t\t\t<\/div>\n\t\t<\/div>\n\t\t\t\t\t<\/div>\n\t\t<\/section>\n\t\t\t\t<section class=\"elementor-section elementor-top-section elementor-element elementor-element-ba81b51 elementor-section-full_width elementor-section-height-default elementor-section-height-default\" data-id=\"ba81b51\" data-element_type=\"section\" data-e-type=\"section\" data-settings=\"{&quot;background_background&quot;:&quot;classic&quot;,&quot;motion_fx_motion_fx_scrolling&quot;:&quot;yes&quot;,&quot;motion_fx_range&quot;:&quot;viewport&quot;,&quot;motion_fx_devices&quot;:[&quot;desktop&quot;,&quot;tablet&quot;,&quot;mobile&quot;]}\">\n\t\t\t\t\t\t<div class=\"elementor-container elementor-column-gap-no\">\n\t\t\t\t\t<div class=\"elementor-column elementor-col-50 elementor-top-column elementor-element elementor-element-a19a903\" data-id=\"a19a903\" data-element_type=\"column\" data-e-type=\"column\">\n\t\t\t<div class=\"elementor-widget-wrap elementor-element-populated\">\n\t\t\t\t\t\t\t<\/div>\n\t\t<\/div>\n\t\t\t\t<div class=\"elementor-column elementor-col-50 elementor-top-column elementor-element elementor-element-781ab44\" data-id=\"781ab44\" data-element_type=\"column\" data-e-type=\"column\">\n\t\t\t<div class=\"elementor-widget-wrap elementor-element-populated\">\n\t\t\t\t\t\t<div class=\"elementor-element elementor-element-c403700 animated-slow elementor-widget elementor-widget-image\" data-id=\"c403700\" data-element_type=\"widget\" data-e-type=\"widget\" data-settings=\"{&quot;_animation&quot;:&quot;none&quot;}\" data-widget_type=\"image.default\">\n\t\t\t\t<div class=\"elementor-widget-container\">\n\t\t\t\t\t\t\t\t\t\t\t\t\t\t\t<img decoding=\"async\" width=\"2560\" height=\"1440\" src=\"https:\/\/www.stahlgeroehr.de\/wp-content\/uploads\/2020\/12\/20201008_Colnago-Mexico-Bayreuth-Ausfahrt_KLEIN_01-scaled.jpg\" class=\"attachment-full size-full wp-image-2155\" alt=\"\" srcset=\"https:\/\/www.stahlgeroehr.de\/wp-content\/uploads\/2020\/12\/20201008_Colnago-Mexico-Bayreuth-Ausfahrt_KLEIN_01-scaled.jpg 2560w, https:\/\/www.stahlgeroehr.de\/wp-content\/uploads\/2020\/12\/20201008_Colnago-Mexico-Bayreuth-Ausfahrt_KLEIN_01-300x169.jpg 300w, https:\/\/www.stahlgeroehr.de\/wp-content\/uploads\/2020\/12\/20201008_Colnago-Mexico-Bayreuth-Ausfahrt_KLEIN_01-1024x576.jpg 1024w, https:\/\/www.stahlgeroehr.de\/wp-content\/uploads\/2020\/12\/20201008_Colnago-Mexico-Bayreuth-Ausfahrt_KLEIN_01-150x84.jpg 150w, https:\/\/www.stahlgeroehr.de\/wp-content\/uploads\/2020\/12\/20201008_Colnago-Mexico-Bayreuth-Ausfahrt_KLEIN_01-768x432.jpg 768w, https:\/\/www.stahlgeroehr.de\/wp-content\/uploads\/2020\/12\/20201008_Colnago-Mexico-Bayreuth-Ausfahrt_KLEIN_01-1536x864.jpg 1536w, https:\/\/www.stahlgeroehr.de\/wp-content\/uploads\/2020\/12\/20201008_Colnago-Mexico-Bayreuth-Ausfahrt_KLEIN_01-2048x1152.jpg 2048w, https:\/\/www.stahlgeroehr.de\/wp-content\/uploads\/2020\/12\/20201008_Colnago-Mexico-Bayreuth-Ausfahrt_KLEIN_01-2000x1125.jpg 2000w\" sizes=\"(max-width: 2560px) 100vw, 2560px\" \/>\t\t\t\t\t\t\t\t\t\t\t\t\t\t\t<\/div>\n\t\t\t\t<\/div>\n\t\t\t\t\t<\/div>\n\t\t<\/div>\n\t\t\t\t\t<\/div>\n\t\t<\/section>\n\t\t\t\t<section class=\"elementor-section elementor-top-section elementor-element elementor-element-3ead802 elementor-section-full_width elementor-section-height-default elementor-section-height-default\" data-id=\"3ead802\" data-element_type=\"section\" data-e-type=\"section\" data-settings=\"{&quot;background_background&quot;:&quot;slideshow&quot;,&quot;background_slideshow_gallery&quot;:[{&quot;id&quot;:3112,&quot;url&quot;:&quot;https:\\\/\\\/www.stahlgeroehr.de\\\/wp-content\\\/uploads\\\/2021\\\/01\\\/20210103_Ueber-Uns_04-scaled.jpg&quot;}],&quot;background_slideshow_loop&quot;:&quot;yes&quot;,&quot;background_slideshow_slide_duration&quot;:5000,&quot;background_slideshow_slide_transition&quot;:&quot;fade&quot;,&quot;background_slideshow_transition_duration&quot;:500}\">\n\t\t\t\t\t\t<div class=\"elementor-container elementor-column-gap-default\">\n\t\t\t\t\t<div class=\"elementor-column elementor-col-100 elementor-top-column elementor-element elementor-element-2f2f432\" data-id=\"2f2f432\" data-element_type=\"column\" data-e-type=\"column\">\n\t\t\t<div class=\"elementor-widget-wrap elementor-element-populated\">\n\t\t\t\t\t\t<div class=\"elementor-element elementor-element-89601c6 elementor-widget elementor-widget-heading\" data-id=\"89601c6\" data-element_type=\"widget\" data-e-type=\"widget\" data-settings=\"{&quot;motion_fx_motion_fx_scrolling&quot;:&quot;yes&quot;,&quot;motion_fx_range&quot;:&quot;viewport&quot;,&quot;motion_fx_opacity_effect&quot;:&quot;yes&quot;,&quot;motion_fx_opacity_range&quot;:{&quot;unit&quot;:&quot;%&quot;,&quot;size&quot;:&quot;&quot;,&quot;sizes&quot;:{&quot;start&quot;:20,&quot;end&quot;:40}},&quot;motion_fx_opacity_direction&quot;:&quot;out-in&quot;,&quot;motion_fx_opacity_level&quot;:{&quot;unit&quot;:&quot;px&quot;,&quot;size&quot;:10,&quot;sizes&quot;:[]},&quot;motion_fx_devices&quot;:[&quot;desktop&quot;,&quot;tablet&quot;,&quot;mobile&quot;]}\" data-widget_type=\"heading.default\">\n\t\t\t\t<div class=\"elementor-widget-container\">\n\t\t\t\t\t<h2 class=\"elementor-heading-title elementor-size-default\">DER VERKAUFSRAUM<\/h2>\t\t\t\t<\/div>\n\t\t\t\t<\/div>\n\t\t\t\t\t<\/div>\n\t\t<\/div>\n\t\t\t\t\t<\/div>\n\t\t<\/section>\n\t\t\t\t<section class=\"elementor-section elementor-top-section elementor-element elementor-element-13c9584 elementor-section-full_width elementor-section-height-default elementor-section-height-default\" data-id=\"13c9584\" data-element_type=\"section\" data-e-type=\"section\" data-settings=\"{&quot;background_background&quot;:&quot;gradient&quot;,&quot;motion_fx_motion_fx_scrolling&quot;:&quot;yes&quot;,&quot;motion_fx_range&quot;:&quot;viewport&quot;,&quot;motion_fx_devices&quot;:[&quot;desktop&quot;,&quot;tablet&quot;,&quot;mobile&quot;]}\">\n\t\t\t\t\t\t<div class=\"elementor-container elementor-column-gap-no\">\n\t\t\t\t\t<div class=\"elementor-column elementor-col-50 elementor-top-column elementor-element elementor-element-a5050f2\" data-id=\"a5050f2\" data-element_type=\"column\" data-e-type=\"column\">\n\t\t\t<div class=\"elementor-widget-wrap elementor-element-populated\">\n\t\t\t\t\t\t<div class=\"elementor-element elementor-element-efec48e animated-slow elementor-widget elementor-widget-image\" data-id=\"efec48e\" data-element_type=\"widget\" data-e-type=\"widget\" data-settings=\"{&quot;_animation&quot;:&quot;none&quot;}\" data-widget_type=\"image.default\">\n\t\t\t\t<div class=\"elementor-widget-container\">\n\t\t\t\t\t\t\t\t\t\t\t\t\t\t\t<img decoding=\"async\" width=\"2560\" height=\"1505\" src=\"https:\/\/www.stahlgeroehr.de\/wp-content\/uploads\/2021\/01\/20210103_Ueber-Uns_03-scaled.jpg\" class=\"attachment-full size-full wp-image-3104\" alt=\"\" srcset=\"https:\/\/www.stahlgeroehr.de\/wp-content\/uploads\/2021\/01\/20210103_Ueber-Uns_03-scaled.jpg 2560w, https:\/\/www.stahlgeroehr.de\/wp-content\/uploads\/2021\/01\/20210103_Ueber-Uns_03-300x176.jpg 300w, https:\/\/www.stahlgeroehr.de\/wp-content\/uploads\/2021\/01\/20210103_Ueber-Uns_03-1024x602.jpg 1024w, https:\/\/www.stahlgeroehr.de\/wp-content\/uploads\/2021\/01\/20210103_Ueber-Uns_03-150x88.jpg 150w, https:\/\/www.stahlgeroehr.de\/wp-content\/uploads\/2021\/01\/20210103_Ueber-Uns_03-768x452.jpg 768w, https:\/\/www.stahlgeroehr.de\/wp-content\/uploads\/2021\/01\/20210103_Ueber-Uns_03-1536x903.jpg 1536w, https:\/\/www.stahlgeroehr.de\/wp-content\/uploads\/2021\/01\/20210103_Ueber-Uns_03-2048x1204.jpg 2048w, https:\/\/www.stahlgeroehr.de\/wp-content\/uploads\/2021\/01\/20210103_Ueber-Uns_03-2000x1176.jpg 2000w\" sizes=\"(max-width: 2560px) 100vw, 2560px\" \/>\t\t\t\t\t\t\t\t\t\t\t\t\t\t\t<\/div>\n\t\t\t\t<\/div>\n\t\t\t\t\t<\/div>\n\t\t<\/div>\n\t\t\t\t<div class=\"elementor-column elementor-col-50 elementor-top-column elementor-element elementor-element-7883552\" data-id=\"7883552\" data-element_type=\"column\" data-e-type=\"column\">\n\t\t\t<div class=\"elementor-widget-wrap elementor-element-populated\">\n\t\t\t\t\t\t<div class=\"elementor-element elementor-element-3862f5b elementor-widget elementor-widget-heading\" data-id=\"3862f5b\" data-element_type=\"widget\" data-e-type=\"widget\" data-settings=\"{&quot;motion_fx_motion_fx_scrolling&quot;:&quot;yes&quot;,&quot;motion_fx_opacity_effect&quot;:&quot;yes&quot;,&quot;motion_fx_opacity_range&quot;:{&quot;unit&quot;:&quot;%&quot;,&quot;size&quot;:&quot;&quot;,&quot;sizes&quot;:{&quot;start&quot;:18,&quot;end&quot;:38}},&quot;motion_fx_opacity_direction&quot;:&quot;out-in&quot;,&quot;motion_fx_opacity_level&quot;:{&quot;unit&quot;:&quot;px&quot;,&quot;size&quot;:10,&quot;sizes&quot;:[]},&quot;motion_fx_devices&quot;:[&quot;desktop&quot;,&quot;tablet&quot;,&quot;mobile&quot;]}\" data-widget_type=\"heading.default\">\n\t\t\t\t<div class=\"elementor-widget-container\">\n\t\t\t\t\t<h2 class=\"elementor-heading-title elementor-size-default\">Wir verkaufen unsere Fahrr\u00e4der am liebsten, wenn wir das Fahrrad pers\u00f6nlich \u00fcberreichen k\u00f6nnen. Hierzu haben wir einen Verkaufsraum in Kronberg im Taunus. Fr\u00fcher war es mal ein Restaurant, nun sind hier unsere Fahrr\u00e4der gelagert. Wenn Interessenten zu uns kommen, holen wir das entsprechende Fahrrad aus unseren Gew\u00f6lbekellergefilden und stellen es an dem auf dem Bild sichtbaren Platz aus. Es ist immer wieder eine Freude, das jeweilige Fahrrad ausgestellt zu sehen. So k\u00f6nnen wir uns gut von unseren Sch\u00e4tzen verabschieden.<\/h2>\t\t\t\t<\/div>\n\t\t\t\t<\/div>\n\t\t\t\t\t<\/div>\n\t\t<\/div>\n\t\t\t\t\t<\/div>\n\t\t<\/section>\n\t\t\t\t<section class=\"elementor-section elementor-top-section elementor-element elementor-element-17c1090 elementor-section-full_width elementor-section-height-default elementor-section-height-default\" data-id=\"17c1090\" data-element_type=\"section\" data-e-type=\"section\" data-settings=\"{&quot;background_background&quot;:&quot;gradient&quot;,&quot;motion_fx_motion_fx_scrolling&quot;:&quot;yes&quot;,&quot;motion_fx_range&quot;:&quot;viewport&quot;,&quot;motion_fx_devices&quot;:[&quot;desktop&quot;,&quot;tablet&quot;,&quot;mobile&quot;]}\">\n\t\t\t\t\t\t<div class=\"elementor-container elementor-column-gap-no\">\n\t\t\t\t\t<div class=\"elementor-column elementor-col-50 elementor-top-column elementor-element elementor-element-55771bf\" data-id=\"55771bf\" data-element_type=\"column\" data-e-type=\"column\">\n\t\t\t<div class=\"elementor-widget-wrap elementor-element-populated\">\n\t\t\t\t\t\t<div class=\"elementor-element elementor-element-d44b832 elementor-widget elementor-widget-heading\" data-id=\"d44b832\" data-element_type=\"widget\" data-e-type=\"widget\" data-settings=\"{&quot;motion_fx_motion_fx_scrolling&quot;:&quot;yes&quot;,&quot;motion_fx_opacity_effect&quot;:&quot;yes&quot;,&quot;motion_fx_opacity_range&quot;:{&quot;unit&quot;:&quot;%&quot;,&quot;size&quot;:&quot;&quot;,&quot;sizes&quot;:{&quot;start&quot;:18,&quot;end&quot;:38}},&quot;motion_fx_opacity_direction&quot;:&quot;out-in&quot;,&quot;motion_fx_opacity_level&quot;:{&quot;unit&quot;:&quot;px&quot;,&quot;size&quot;:10,&quot;sizes&quot;:[]},&quot;motion_fx_devices&quot;:[&quot;desktop&quot;,&quot;tablet&quot;,&quot;mobile&quot;]}\" data-widget_type=\"heading.default\">\n\t\t\t\t<div class=\"elementor-widget-container\">\n\t\t\t\t\t<h2 class=\"elementor-heading-title elementor-size-default\">So stehen die Fahrr\u00e4der bei uns, kurz bevor sie an den neuen Kunden gehen. Hier besichtigt der Kunde das Rad und hat genug Licht, jedes Detail zu betrachten. Trotz der guten Fotos und Texte, die wir schreiben, glauben wir doch, dass es am meisten \u00fcberzeugt, wenn man das Fahrrad vor sich hat, sieht, anfasst und mit uns dar\u00fcber ins Gespr\u00e4ch kommt. Wir freuen uns  besonders \u00fcber den pers\u00f6nlichen Kontakt  und ziehen ihn immer einem Versand vor.<\/h2>\t\t\t\t<\/div>\n\t\t\t\t<\/div>\n\t\t\t\t\t<\/div>\n\t\t<\/div>\n\t\t\t\t<div class=\"elementor-column elementor-col-50 elementor-top-column elementor-element elementor-element-9cdb320\" data-id=\"9cdb320\" data-element_type=\"column\" data-e-type=\"column\">\n\t\t\t<div class=\"elementor-widget-wrap elementor-element-populated\">\n\t\t\t\t\t\t<div class=\"elementor-element elementor-element-2223082 animated-slow elementor-widget elementor-widget-image\" data-id=\"2223082\" data-element_type=\"widget\" data-e-type=\"widget\" data-settings=\"{&quot;_animation&quot;:&quot;none&quot;}\" data-widget_type=\"image.default\">\n\t\t\t\t<div class=\"elementor-widget-container\">\n\t\t\t\t\t\t\t\t\t\t\t\t\t\t\t<img loading=\"lazy\" decoding=\"async\" width=\"2560\" height=\"1718\" src=\"https:\/\/www.stahlgeroehr.de\/wp-content\/uploads\/2021\/01\/20210103_Ueber-Uns_02-scaled.jpg\" class=\"attachment-full size-full wp-image-3103\" alt=\"\" srcset=\"https:\/\/www.stahlgeroehr.de\/wp-content\/uploads\/2021\/01\/20210103_Ueber-Uns_02-scaled.jpg 2560w, https:\/\/www.stahlgeroehr.de\/wp-content\/uploads\/2021\/01\/20210103_Ueber-Uns_02-300x201.jpg 300w, https:\/\/www.stahlgeroehr.de\/wp-content\/uploads\/2021\/01\/20210103_Ueber-Uns_02-1024x687.jpg 1024w, https:\/\/www.stahlgeroehr.de\/wp-content\/uploads\/2021\/01\/20210103_Ueber-Uns_02-150x101.jpg 150w, https:\/\/www.stahlgeroehr.de\/wp-content\/uploads\/2021\/01\/20210103_Ueber-Uns_02-768x515.jpg 768w, https:\/\/www.stahlgeroehr.de\/wp-content\/uploads\/2021\/01\/20210103_Ueber-Uns_02-1536x1031.jpg 1536w, https:\/\/www.stahlgeroehr.de\/wp-content\/uploads\/2021\/01\/20210103_Ueber-Uns_02-2048x1374.jpg 2048w, https:\/\/www.stahlgeroehr.de\/wp-content\/uploads\/2021\/01\/20210103_Ueber-Uns_02-2000x1342.jpg 2000w\" sizes=\"(max-width: 2560px) 100vw, 2560px\" \/>\t\t\t\t\t\t\t\t\t\t\t\t\t\t\t<\/div>\n\t\t\t\t<\/div>\n\t\t\t\t\t<\/div>\n\t\t<\/div>\n\t\t\t\t\t<\/div>\n\t\t<\/section>\n\t\t\t\t<section class=\"elementor-section elementor-top-section elementor-element elementor-element-7e1e44e elementor-section-full_width elementor-section-height-default elementor-section-height-default\" data-id=\"7e1e44e\" data-element_type=\"section\" data-e-type=\"section\" data-settings=\"{&quot;background_background&quot;:&quot;gradient&quot;}\">\n\t\t\t\t\t\t<div class=\"elementor-container elementor-column-gap-default\">\n\t\t\t\t\t<div class=\"elementor-column elementor-col-66 elementor-top-column elementor-element elementor-element-1f3acdd\" data-id=\"1f3acdd\" data-element_type=\"column\" data-e-type=\"column\">\n\t\t\t<div class=\"elementor-widget-wrap elementor-element-populated\">\n\t\t\t\t\t\t<div class=\"elementor-element elementor-element-04962c7 elementor-widget elementor-widget-google_maps\" data-id=\"04962c7\" data-element_type=\"widget\" data-e-type=\"widget\" data-widget_type=\"google_maps.default\">\n\t\t\t\t<div class=\"elementor-widget-container\">\n\t\t\t\t\t\t\t<div class=\"elementor-custom-embed\">\n\t\t\t<iframe loading=\"lazy\"\n\t\t\t\t\tsrc=\"https:\/\/maps.google.com\/maps?q=Stahlger%C3%B6hr&#038;t=m&#038;z=14&#038;output=embed&#038;iwloc=near\"\n\t\t\t\t\ttitle=\"Stahlger\u00f6hr\"\n\t\t\t\t\taria-label=\"Stahlger\u00f6hr\"\n\t\t\t><\/iframe>\n\t\t<\/div>\n\t\t\t\t\t\t<\/div>\n\t\t\t\t<\/div>\n\t\t\t\t\t<\/div>\n\t\t<\/div>\n\t\t\t\t<div class=\"elementor-column elementor-col-33 elementor-top-column elementor-element elementor-element-d660caa\" data-id=\"d660caa\" data-element_type=\"column\" data-e-type=\"column\">\n\t\t\t<div class=\"elementor-widget-wrap elementor-element-populated\">\n\t\t\t\t\t\t<div class=\"elementor-element elementor-element-46e1648 elementor-widget elementor-widget-heading\" data-id=\"46e1648\" data-element_type=\"widget\" data-e-type=\"widget\" data-settings=\"{&quot;motion_fx_motion_fx_scrolling&quot;:&quot;yes&quot;,&quot;motion_fx_opacity_effect&quot;:&quot;yes&quot;,&quot;motion_fx_opacity_range&quot;:{&quot;unit&quot;:&quot;%&quot;,&quot;size&quot;:&quot;&quot;,&quot;sizes&quot;:{&quot;start&quot;:18,&quot;end&quot;:38}},&quot;motion_fx_opacity_direction&quot;:&quot;out-in&quot;,&quot;motion_fx_opacity_level&quot;:{&quot;unit&quot;:&quot;px&quot;,&quot;size&quot;:10,&quot;sizes&quot;:[]},&quot;motion_fx_devices&quot;:[&quot;desktop&quot;,&quot;tablet&quot;,&quot;mobile&quot;]}\" data-widget_type=\"heading.default\">\n\t\t\t\t<div class=\"elementor-widget-container\">\n\t\t\t\t\t<h2 class=\"elementor-heading-title elementor-size-default\">Mauerstra\u00dfe 14\n<\/h2>\t\t\t\t<\/div>\n\t\t\t\t<\/div>\n\t\t\t\t<div class=\"elementor-element elementor-element-18a8fd2 elementor-widget elementor-widget-heading\" data-id=\"18a8fd2\" data-element_type=\"widget\" data-e-type=\"widget\" data-settings=\"{&quot;motion_fx_motion_fx_scrolling&quot;:&quot;yes&quot;,&quot;motion_fx_opacity_effect&quot;:&quot;yes&quot;,&quot;motion_fx_opacity_range&quot;:{&quot;unit&quot;:&quot;%&quot;,&quot;size&quot;:&quot;&quot;,&quot;sizes&quot;:{&quot;start&quot;:18,&quot;end&quot;:38}},&quot;motion_fx_opacity_direction&quot;:&quot;out-in&quot;,&quot;motion_fx_opacity_level&quot;:{&quot;unit&quot;:&quot;px&quot;,&quot;size&quot;:10,&quot;sizes&quot;:[]},&quot;motion_fx_devices&quot;:[&quot;desktop&quot;,&quot;tablet&quot;,&quot;mobile&quot;]}\" data-widget_type=\"heading.default\">\n\t\t\t\t<div class=\"elementor-widget-container\">\n\t\t\t\t\t<h2 class=\"elementor-heading-title elementor-size-default\">61476 Kronberg\n<\/h2>\t\t\t\t<\/div>\n\t\t\t\t<\/div>\n\t\t\t\t<div class=\"elementor-element elementor-element-165506c elementor-widget elementor-widget-heading\" data-id=\"165506c\" data-element_type=\"widget\" data-e-type=\"widget\" data-settings=\"{&quot;motion_fx_motion_fx_scrolling&quot;:&quot;yes&quot;,&quot;motion_fx_opacity_effect&quot;:&quot;yes&quot;,&quot;motion_fx_opacity_range&quot;:{&quot;unit&quot;:&quot;%&quot;,&quot;size&quot;:&quot;&quot;,&quot;sizes&quot;:{&quot;start&quot;:18,&quot;end&quot;:38}},&quot;motion_fx_opacity_direction&quot;:&quot;out-in&quot;,&quot;motion_fx_opacity_level&quot;:{&quot;unit&quot;:&quot;px&quot;,&quot;size&quot;:10,&quot;sizes&quot;:[]},&quot;motion_fx_devices&quot;:[&quot;desktop&quot;,&quot;tablet&quot;,&quot;mobile&quot;]}\" data-widget_type=\"heading.default\">\n\t\t\t\t<div class=\"elementor-widget-container\">\n\t\t\t\t\t<h2 class=\"elementor-heading-title elementor-size-default\">Deutschland<\/h2>\t\t\t\t<\/div>\n\t\t\t\t<\/div>\n\t\t\t\t\t<\/div>\n\t\t<\/div>\n\t\t\t\t\t<\/div>\n\t\t<\/section>\n\t\t\t\t<\/div>\n\t\t","protected":false},"excerpt":{"rendered":"<p>\u00dcber Uns Wir sind zwei Freunde, im Wahn der Faszination f\u00fcr Vintage Rennr\u00e4der zusammengekommen und seitdem immer auf der Suche nach neuen Projekten. Es fing mit g\u00fcnstigen R\u00e4dern an, die wir mit unserem Taschengeld bezahlten und allm\u00e4hlich wuchs das Interesse und das Verst\u00e4ndnis f\u00fcr die Materie und somit auch die Quantit\u00e4t und die Qualit\u00e4t der &hellip;<\/p>\n<p class=\"read-more\"> <a class=\"\" href=\"https:\/\/www.stahlgeroehr.de\/en\/ueber-uns\/\"> <span class=\"screen-reader-text\">\u00fcber uns<\/span> Read More &raquo;<\/a><\/p>","protected":false},"author":1,"featured_media":0,"parent":0,"menu_order":0,"comment_status":"closed","ping_status":"closed","template":"","meta":{"site-sidebar-layout":"no-sidebar","site-content-layout":"page-builder","ast-global-header-display":"","ast-main-header-display":"","ast-hfb-above-header-display":"","ast-hfb-below-header-display":"","ast-hfb-mobile-header-display":"","site-post-title":"disabled","ast-breadcrumbs-content":"","ast-featured-img":"disabled","footer-sml-layout":"","theme-transparent-header-meta":"default","adv-header-id-meta":"","stick-header-meta":"","header-above-stick-meta":"","header-main-stick-meta":"","header-below-stick-meta":"","footnotes":""},"class_list":["post-2092","page","type-page","status-publish","hentry"],"_links":{"self":[{"href":"https:\/\/www.stahlgeroehr.de\/en\/wp-json\/wp\/v2\/pages\/2092","targetHints":{"allow":["GET"]}}],"collection":[{"href":"https:\/\/www.stahlgeroehr.de\/en\/wp-json\/wp\/v2\/pages"}],"about":[{"href":"https:\/\/www.stahlgeroehr.de\/en\/wp-json\/wp\/v2\/types\/page"}],"author":[{"embeddable":true,"href":"https:\/\/www.stahlgeroehr.de\/en\/wp-json\/wp\/v2\/users\/1"}],"replies":[{"embeddable":true,"href":"https:\/\/www.stahlgeroehr.de\/en\/wp-json\/wp\/v2\/comments?post=2092"}],"version-history":[{"count":142,"href":"https:\/\/www.stahlgeroehr.de\/en\/wp-json\/wp\/v2\/pages\/2092\/revisions"}],"predecessor-version":[{"id":4242,"href":"https:\/\/www.stahlgeroehr.de\/en\/wp-json\/wp\/v2\/pages\/2092\/revisions\/4242"}],"wp:attachment":[{"href":"https:\/\/www.stahlgeroehr.de\/en\/wp-json\/wp\/v2\/media?parent=2092"}],"curies":[{"name":"wp","href":"https:\/\/api.w.org\/{rel}","templated":true}]}}