{"id":3296,"date":"2021-01-05T12:48:41","date_gmt":"2021-01-05T11:48:41","guid":{"rendered":"https:\/\/www.stahlgeroehr.de\/?page_id=3296"},"modified":"2021-01-05T14:50:29","modified_gmt":"2021-01-05T13:50:29","slug":"kontakt","status":"publish","type":"page","link":"https:\/\/www.stahlgeroehr.de\/en\/kontakt\/","title":{"rendered":"CONTACT"},"content":{"rendered":"\t\t<div data-elementor-type=\"wp-page\" data-elementor-id=\"3296\" class=\"elementor elementor-3296\" data-elementor-post-type=\"page\">\n\t\t\t\t\t\t<section class=\"elementor-section elementor-top-section elementor-element elementor-element-88b7051 elementor-section-boxed elementor-section-height-default elementor-section-height-default\" data-id=\"88b7051\" data-element_type=\"section\" data-e-type=\"section\" data-settings=\"{&quot;background_background&quot;:&quot;gradient&quot;}\">\n\t\t\t\t\t\t<div class=\"elementor-container elementor-column-gap-default\">\n\t\t\t\t\t<div class=\"elementor-column elementor-col-100 elementor-top-column elementor-element elementor-element-24a37447\" data-id=\"24a37447\" data-element_type=\"column\" data-e-type=\"column\">\n\t\t\t<div class=\"elementor-widget-wrap elementor-element-populated\">\n\t\t\t\t\t\t<section class=\"elementor-section elementor-inner-section elementor-element elementor-element-28f1493a elementor-section-boxed elementor-section-height-default elementor-section-height-default\" data-id=\"28f1493a\" data-element_type=\"section\" data-e-type=\"section\">\n\t\t\t\t\t\t<div class=\"elementor-container elementor-column-gap-default\">\n\t\t\t\t\t<div class=\"elementor-column elementor-col-100 elementor-inner-column elementor-element elementor-element-41848195\" data-id=\"41848195\" data-element_type=\"column\" data-e-type=\"column\">\n\t\t\t<div class=\"elementor-widget-wrap elementor-element-populated\">\n\t\t\t\t\t\t\t<\/div>\n\t\t<\/div>\n\t\t\t\t\t<\/div>\n\t\t<\/section>\n\t\t\t\t<section class=\"elementor-section elementor-inner-section elementor-element elementor-element-495a66f3 elementor-section-boxed elementor-section-height-default elementor-section-height-default\" data-id=\"495a66f3\" data-element_type=\"section\" data-e-type=\"section\">\n\t\t\t\t\t\t<div class=\"elementor-container elementor-column-gap-default\">\n\t\t\t\t\t<div class=\"elementor-column elementor-col-100 elementor-inner-column elementor-element elementor-element-66f214e\" data-id=\"66f214e\" data-element_type=\"column\" data-e-type=\"column\">\n\t\t\t<div class=\"elementor-widget-wrap elementor-element-populated\">\n\t\t\t\t\t\t<div class=\"elementor-element elementor-element-122216e6 elementor-widget elementor-widget-text-editor\" data-id=\"122216e6\" data-element_type=\"widget\" data-e-type=\"widget\" data-widget_type=\"text-editor.default\">\n\t\t\t\t<div class=\"elementor-widget-container\">\n\t\t\t\t\t\t\t\t\t<p style=\"font-size: 15px; font-style: normal;\">Stahlger\u00f6hr GbR, Ott, Timon u. Guzman Bausch, Ricardo&nbsp;<br>Ricardo Guzman Bausch und Timon Ott&nbsp;<br>Katharinenstra\u00dfe 14<br>61476 Kronberg&nbsp;<\/p>\n<p style=\"font-size: 15px; font-style: normal;\">Deutschland<\/p>\n<p style=\"font-size: 15px; font-style: normal;\">Telefonnummer: +49 157 39621997&nbsp;<br>E-mail: info@stahlgeroehr.de<\/p>\t\t\t\t\t\t\t\t<\/div>\n\t\t\t\t<\/div>\n\t\t\t\t\t<\/div>\n\t\t<\/div>\n\t\t\t\t\t<\/div>\n\t\t<\/section>\n\t\t\t\t\t<\/div>\n\t\t<\/div>\n\t\t\t\t\t<\/div>\n\t\t<\/section>\n\t\t\t\t<section class=\"elementor-section elementor-top-section elementor-element elementor-element-7f9b9ba elementor-section-boxed elementor-section-height-default elementor-section-height-default\" data-id=\"7f9b9ba\" data-element_type=\"section\" data-e-type=\"section\" data-settings=\"{&quot;background_background&quot;:&quot;slideshow&quot;,&quot;background_slideshow_gallery&quot;:[{&quot;id&quot;:3112,&quot;url&quot;:&quot;https:\\\/\\\/www.stahlgeroehr.de\\\/wp-content\\\/uploads\\\/2021\\\/01\\\/20210103_Ueber-Uns_04-scaled.jpg&quot;}],&quot;background_slideshow_loop&quot;:&quot;yes&quot;,&quot;background_slideshow_slide_duration&quot;:5000,&quot;background_slideshow_slide_transition&quot;:&quot;fade&quot;,&quot;background_slideshow_transition_duration&quot;:500}\">\n\t\t\t\t\t\t<div class=\"elementor-container elementor-column-gap-default\">\n\t\t\t\t\t<div class=\"elementor-column elementor-col-100 elementor-top-column elementor-element elementor-element-8e1e0ef\" data-id=\"8e1e0ef\" data-element_type=\"column\" data-e-type=\"column\">\n\t\t\t<div class=\"elementor-widget-wrap elementor-element-populated\">\n\t\t\t\t\t\t<div class=\"elementor-element elementor-element-5f49dee elementor-widget elementor-widget-heading\" data-id=\"5f49dee\" data-element_type=\"widget\" data-e-type=\"widget\" data-settings=\"{&quot;motion_fx_motion_fx_scrolling&quot;:&quot;yes&quot;,&quot;motion_fx_range&quot;:&quot;viewport&quot;,&quot;motion_fx_opacity_effect&quot;:&quot;yes&quot;,&quot;motion_fx_opacity_range&quot;:{&quot;unit&quot;:&quot;%&quot;,&quot;size&quot;:&quot;&quot;,&quot;sizes&quot;:{&quot;start&quot;:20,&quot;end&quot;:40}},&quot;motion_fx_opacity_direction&quot;:&quot;out-in&quot;,&quot;motion_fx_opacity_level&quot;:{&quot;unit&quot;:&quot;px&quot;,&quot;size&quot;:10,&quot;sizes&quot;:[]},&quot;motion_fx_devices&quot;:[&quot;desktop&quot;,&quot;tablet&quot;,&quot;mobile&quot;]}\" data-widget_type=\"heading.default\">\n\t\t\t\t<div class=\"elementor-widget-container\">\n\t\t\t\t\t<h2 class=\"elementor-heading-title elementor-size-default\">DER VERKAUFSRAUM<\/h2>\t\t\t\t<\/div>\n\t\t\t\t<\/div>\n\t\t\t\t\t<\/div>\n\t\t<\/div>\n\t\t\t\t\t<\/div>\n\t\t<\/section>\n\t\t\t\t<section class=\"elementor-section elementor-top-section elementor-element elementor-element-8badabe elementor-section-full_width elementor-section-height-default elementor-section-height-default\" data-id=\"8badabe\" data-element_type=\"section\" data-e-type=\"section\" data-settings=\"{&quot;background_background&quot;:&quot;gradient&quot;,&quot;motion_fx_motion_fx_scrolling&quot;:&quot;yes&quot;,&quot;motion_fx_range&quot;:&quot;viewport&quot;,&quot;motion_fx_devices&quot;:[&quot;desktop&quot;,&quot;tablet&quot;,&quot;mobile&quot;]}\">\n\t\t\t\t\t\t<div class=\"elementor-container elementor-column-gap-no\">\n\t\t\t\t\t<div class=\"elementor-column elementor-col-50 elementor-top-column elementor-element elementor-element-99facae\" data-id=\"99facae\" data-element_type=\"column\" data-e-type=\"column\">\n\t\t\t<div class=\"elementor-widget-wrap elementor-element-populated\">\n\t\t\t\t\t\t<div class=\"elementor-element elementor-element-5279315 animated-slow elementor-widget elementor-widget-image\" data-id=\"5279315\" data-element_type=\"widget\" data-e-type=\"widget\" data-settings=\"{&quot;_animation&quot;:&quot;none&quot;}\" data-widget_type=\"image.default\">\n\t\t\t\t<div class=\"elementor-widget-container\">\n\t\t\t\t\t\t\t\t\t\t\t\t\t\t\t<img fetchpriority=\"high\" decoding=\"async\" width=\"2560\" height=\"1505\" src=\"https:\/\/www.stahlgeroehr.de\/wp-content\/uploads\/2021\/01\/20210103_Ueber-Uns_03-scaled.jpg\" class=\"attachment-full size-full wp-image-3104\" alt=\"\" srcset=\"https:\/\/www.stahlgeroehr.de\/wp-content\/uploads\/2021\/01\/20210103_Ueber-Uns_03-scaled.jpg 2560w, https:\/\/www.stahlgeroehr.de\/wp-content\/uploads\/2021\/01\/20210103_Ueber-Uns_03-300x176.jpg 300w, https:\/\/www.stahlgeroehr.de\/wp-content\/uploads\/2021\/01\/20210103_Ueber-Uns_03-1024x602.jpg 1024w, https:\/\/www.stahlgeroehr.de\/wp-content\/uploads\/2021\/01\/20210103_Ueber-Uns_03-150x88.jpg 150w, https:\/\/www.stahlgeroehr.de\/wp-content\/uploads\/2021\/01\/20210103_Ueber-Uns_03-768x452.jpg 768w, https:\/\/www.stahlgeroehr.de\/wp-content\/uploads\/2021\/01\/20210103_Ueber-Uns_03-1536x903.jpg 1536w, https:\/\/www.stahlgeroehr.de\/wp-content\/uploads\/2021\/01\/20210103_Ueber-Uns_03-2048x1204.jpg 2048w, https:\/\/www.stahlgeroehr.de\/wp-content\/uploads\/2021\/01\/20210103_Ueber-Uns_03-2000x1176.jpg 2000w\" sizes=\"(max-width: 2560px) 100vw, 2560px\" \/>\t\t\t\t\t\t\t\t\t\t\t\t\t\t\t<\/div>\n\t\t\t\t<\/div>\n\t\t\t\t\t<\/div>\n\t\t<\/div>\n\t\t\t\t<div class=\"elementor-column elementor-col-50 elementor-top-column elementor-element elementor-element-0e02a79\" data-id=\"0e02a79\" data-element_type=\"column\" data-e-type=\"column\">\n\t\t\t<div class=\"elementor-widget-wrap elementor-element-populated\">\n\t\t\t\t\t\t<div class=\"elementor-element elementor-element-66d9e04 elementor-widget elementor-widget-heading\" data-id=\"66d9e04\" data-element_type=\"widget\" data-e-type=\"widget\" data-settings=\"{&quot;motion_fx_motion_fx_scrolling&quot;:&quot;yes&quot;,&quot;motion_fx_opacity_effect&quot;:&quot;yes&quot;,&quot;motion_fx_opacity_range&quot;:{&quot;unit&quot;:&quot;%&quot;,&quot;size&quot;:&quot;&quot;,&quot;sizes&quot;:{&quot;start&quot;:18,&quot;end&quot;:38}},&quot;motion_fx_opacity_direction&quot;:&quot;out-in&quot;,&quot;motion_fx_opacity_level&quot;:{&quot;unit&quot;:&quot;px&quot;,&quot;size&quot;:10,&quot;sizes&quot;:[]},&quot;motion_fx_devices&quot;:[&quot;desktop&quot;,&quot;tablet&quot;,&quot;mobile&quot;]}\" data-widget_type=\"heading.default\">\n\t\t\t\t<div class=\"elementor-widget-container\">\n\t\t\t\t\t<h2 class=\"elementor-heading-title elementor-size-default\">Wir verkaufen unsere Fahrr\u00e4der am liebsten, wenn wir das Fahrrad pers\u00f6nlich \u00fcberreichen k\u00f6nnen. Hierzu haben wir einen Verkaufsraum in Kronberg im Taunus. Fr\u00fcher war es mal ein Restaurant, nun sind hier unsere Fahrr\u00e4der gelagert. Wenn Interessenten zu uns kommen, hohlen wir das entsprechende Fahrrad aus unseren Gew\u00f6lbekellergefilden und stellen es an dem auf dem Bild sichtbaren Platz aus. Es ist immer wieder eine Freude, das jeweilige Fahrrad ausgestellt zu sehen. So k\u00f6nnen wir uns gut von unseren Sch\u00e4tzen verabschieden.<\/h2>\t\t\t\t<\/div>\n\t\t\t\t<\/div>\n\t\t\t\t\t<\/div>\n\t\t<\/div>\n\t\t\t\t\t<\/div>\n\t\t<\/section>\n\t\t\t\t<section class=\"elementor-section elementor-top-section elementor-element elementor-element-ee37a4d elementor-section-full_width elementor-section-height-default elementor-section-height-default\" data-id=\"ee37a4d\" data-element_type=\"section\" data-e-type=\"section\" data-settings=\"{&quot;background_background&quot;:&quot;gradient&quot;,&quot;motion_fx_motion_fx_scrolling&quot;:&quot;yes&quot;,&quot;motion_fx_range&quot;:&quot;viewport&quot;,&quot;motion_fx_devices&quot;:[&quot;desktop&quot;,&quot;tablet&quot;,&quot;mobile&quot;]}\">\n\t\t\t\t\t\t<div class=\"elementor-container elementor-column-gap-no\">\n\t\t\t\t\t<div class=\"elementor-column elementor-col-50 elementor-top-column elementor-element elementor-element-8b795e9\" data-id=\"8b795e9\" data-element_type=\"column\" data-e-type=\"column\">\n\t\t\t<div class=\"elementor-widget-wrap elementor-element-populated\">\n\t\t\t\t\t\t<div class=\"elementor-element elementor-element-2fde5bd elementor-widget elementor-widget-heading\" data-id=\"2fde5bd\" data-element_type=\"widget\" data-e-type=\"widget\" data-settings=\"{&quot;motion_fx_motion_fx_scrolling&quot;:&quot;yes&quot;,&quot;motion_fx_opacity_effect&quot;:&quot;yes&quot;,&quot;motion_fx_opacity_range&quot;:{&quot;unit&quot;:&quot;%&quot;,&quot;size&quot;:&quot;&quot;,&quot;sizes&quot;:{&quot;start&quot;:18,&quot;end&quot;:38}},&quot;motion_fx_opacity_direction&quot;:&quot;out-in&quot;,&quot;motion_fx_opacity_level&quot;:{&quot;unit&quot;:&quot;px&quot;,&quot;size&quot;:10,&quot;sizes&quot;:[]},&quot;motion_fx_devices&quot;:[&quot;desktop&quot;,&quot;tablet&quot;,&quot;mobile&quot;]}\" data-widget_type=\"heading.default\">\n\t\t\t\t<div class=\"elementor-widget-container\">\n\t\t\t\t\t<h2 class=\"elementor-heading-title elementor-size-default\">So stehen die Fahrr\u00e4der bei uns, kurz bevor sie an den neuen Kunden gehen. Hier besichtigt der Kunde das Rad und hat genug Licht, jedes Detail zu betrachten. Trotz der guten Fotos und Texte, die wir schreiben, glauben wir doch, dass es am meisten \u00fcberzeugt, wenn man das Fahrrad vor sich hat, sieht, anfasst und mit uns dar\u00fcber ins Gespr\u00e4ch kommt. Wir freuen uns  besonders \u00fcber den pers\u00f6nlichen Kontakt  und ziehen ihn immer einem Versand vor.<\/h2>\t\t\t\t<\/div>\n\t\t\t\t<\/div>\n\t\t\t\t\t<\/div>\n\t\t<\/div>\n\t\t\t\t<div class=\"elementor-column elementor-col-50 elementor-top-column elementor-element elementor-element-6a3b53f\" data-id=\"6a3b53f\" data-element_type=\"column\" data-e-type=\"column\">\n\t\t\t<div class=\"elementor-widget-wrap elementor-element-populated\">\n\t\t\t\t\t\t<div class=\"elementor-element elementor-element-2cb5f38 animated-slow elementor-widget elementor-widget-image\" data-id=\"2cb5f38\" data-element_type=\"widget\" data-e-type=\"widget\" data-settings=\"{&quot;_animation&quot;:&quot;none&quot;}\" data-widget_type=\"image.default\">\n\t\t\t\t<div class=\"elementor-widget-container\">\n\t\t\t\t\t\t\t\t\t\t\t\t\t\t\t<img decoding=\"async\" width=\"2560\" height=\"1718\" src=\"https:\/\/www.stahlgeroehr.de\/wp-content\/uploads\/2021\/01\/20210103_Ueber-Uns_02-scaled.jpg\" class=\"attachment-full size-full wp-image-3103\" alt=\"\" srcset=\"https:\/\/www.stahlgeroehr.de\/wp-content\/uploads\/2021\/01\/20210103_Ueber-Uns_02-scaled.jpg 2560w, https:\/\/www.stahlgeroehr.de\/wp-content\/uploads\/2021\/01\/20210103_Ueber-Uns_02-300x201.jpg 300w, https:\/\/www.stahlgeroehr.de\/wp-content\/uploads\/2021\/01\/20210103_Ueber-Uns_02-1024x687.jpg 1024w, https:\/\/www.stahlgeroehr.de\/wp-content\/uploads\/2021\/01\/20210103_Ueber-Uns_02-150x101.jpg 150w, https:\/\/www.stahlgeroehr.de\/wp-content\/uploads\/2021\/01\/20210103_Ueber-Uns_02-768x515.jpg 768w, https:\/\/www.stahlgeroehr.de\/wp-content\/uploads\/2021\/01\/20210103_Ueber-Uns_02-1536x1031.jpg 1536w, https:\/\/www.stahlgeroehr.de\/wp-content\/uploads\/2021\/01\/20210103_Ueber-Uns_02-2048x1374.jpg 2048w, https:\/\/www.stahlgeroehr.de\/wp-content\/uploads\/2021\/01\/20210103_Ueber-Uns_02-2000x1342.jpg 2000w\" sizes=\"(max-width: 2560px) 100vw, 2560px\" \/>\t\t\t\t\t\t\t\t\t\t\t\t\t\t\t<\/div>\n\t\t\t\t<\/div>\n\t\t\t\t\t<\/div>\n\t\t<\/div>\n\t\t\t\t\t<\/div>\n\t\t<\/section>\n\t\t\t\t<section class=\"elementor-section elementor-top-section elementor-element elementor-element-f52b38d elementor-section-full_width elementor-section-height-default elementor-section-height-default\" data-id=\"f52b38d\" data-element_type=\"section\" data-e-type=\"section\" data-settings=\"{&quot;background_background&quot;:&quot;gradient&quot;}\">\n\t\t\t\t\t\t<div class=\"elementor-container elementor-column-gap-default\">\n\t\t\t\t\t<div class=\"elementor-column elementor-col-66 elementor-top-column elementor-element elementor-element-2670914\" data-id=\"2670914\" data-element_type=\"column\" data-e-type=\"column\">\n\t\t\t<div class=\"elementor-widget-wrap elementor-element-populated\">\n\t\t\t\t\t\t<div class=\"elementor-element elementor-element-2c68e23 elementor-widget elementor-widget-google_maps\" data-id=\"2c68e23\" data-element_type=\"widget\" data-e-type=\"widget\" data-widget_type=\"google_maps.default\">\n\t\t\t\t<div class=\"elementor-widget-container\">\n\t\t\t\t\t\t\t<div class=\"elementor-custom-embed\">\n\t\t\t<iframe loading=\"lazy\"\n\t\t\t\t\tsrc=\"https:\/\/maps.google.com\/maps?q=Stahlger%C3%B6hr&#038;t=m&#038;z=14&#038;output=embed&#038;iwloc=near\"\n\t\t\t\t\ttitle=\"Stahlger\u00f6hr\"\n\t\t\t\t\taria-label=\"Stahlger\u00f6hr\"\n\t\t\t><\/iframe>\n\t\t<\/div>\n\t\t\t\t\t\t<\/div>\n\t\t\t\t<\/div>\n\t\t\t\t\t<\/div>\n\t\t<\/div>\n\t\t\t\t<div class=\"elementor-column elementor-col-33 elementor-top-column elementor-element elementor-element-cf8e177\" data-id=\"cf8e177\" data-element_type=\"column\" data-e-type=\"column\">\n\t\t\t<div class=\"elementor-widget-wrap elementor-element-populated\">\n\t\t\t\t\t\t<div class=\"elementor-element elementor-element-be5e4f6 elementor-widget elementor-widget-heading\" data-id=\"be5e4f6\" data-element_type=\"widget\" data-e-type=\"widget\" data-settings=\"{&quot;motion_fx_motion_fx_scrolling&quot;:&quot;yes&quot;,&quot;motion_fx_opacity_effect&quot;:&quot;yes&quot;,&quot;motion_fx_opacity_range&quot;:{&quot;unit&quot;:&quot;%&quot;,&quot;size&quot;:&quot;&quot;,&quot;sizes&quot;:{&quot;start&quot;:18,&quot;end&quot;:38}},&quot;motion_fx_opacity_direction&quot;:&quot;out-in&quot;,&quot;motion_fx_opacity_level&quot;:{&quot;unit&quot;:&quot;px&quot;,&quot;size&quot;:10,&quot;sizes&quot;:[]},&quot;motion_fx_devices&quot;:[&quot;desktop&quot;,&quot;tablet&quot;,&quot;mobile&quot;]}\" data-widget_type=\"heading.default\">\n\t\t\t\t<div class=\"elementor-widget-container\">\n\t\t\t\t\t<h2 class=\"elementor-heading-title elementor-size-default\">Mauerstra\u00dfe 14\n<\/h2>\t\t\t\t<\/div>\n\t\t\t\t<\/div>\n\t\t\t\t<div class=\"elementor-element elementor-element-8f79245 elementor-widget elementor-widget-heading\" data-id=\"8f79245\" data-element_type=\"widget\" data-e-type=\"widget\" data-settings=\"{&quot;motion_fx_motion_fx_scrolling&quot;:&quot;yes&quot;,&quot;motion_fx_opacity_effect&quot;:&quot;yes&quot;,&quot;motion_fx_opacity_range&quot;:{&quot;unit&quot;:&quot;%&quot;,&quot;size&quot;:&quot;&quot;,&quot;sizes&quot;:{&quot;start&quot;:18,&quot;end&quot;:38}},&quot;motion_fx_opacity_direction&quot;:&quot;out-in&quot;,&quot;motion_fx_opacity_level&quot;:{&quot;unit&quot;:&quot;px&quot;,&quot;size&quot;:10,&quot;sizes&quot;:[]},&quot;motion_fx_devices&quot;:[&quot;desktop&quot;,&quot;tablet&quot;,&quot;mobile&quot;]}\" data-widget_type=\"heading.default\">\n\t\t\t\t<div class=\"elementor-widget-container\">\n\t\t\t\t\t<h2 class=\"elementor-heading-title elementor-size-default\">61476 Kronberg\n<\/h2>\t\t\t\t<\/div>\n\t\t\t\t<\/div>\n\t\t\t\t<div class=\"elementor-element elementor-element-1893632 elementor-widget elementor-widget-heading\" data-id=\"1893632\" data-element_type=\"widget\" data-e-type=\"widget\" data-settings=\"{&quot;motion_fx_motion_fx_scrolling&quot;:&quot;yes&quot;,&quot;motion_fx_opacity_effect&quot;:&quot;yes&quot;,&quot;motion_fx_opacity_range&quot;:{&quot;unit&quot;:&quot;%&quot;,&quot;size&quot;:&quot;&quot;,&quot;sizes&quot;:{&quot;start&quot;:18,&quot;end&quot;:38}},&quot;motion_fx_opacity_direction&quot;:&quot;out-in&quot;,&quot;motion_fx_opacity_level&quot;:{&quot;unit&quot;:&quot;px&quot;,&quot;size&quot;:10,&quot;sizes&quot;:[]},&quot;motion_fx_devices&quot;:[&quot;desktop&quot;,&quot;tablet&quot;,&quot;mobile&quot;]}\" data-widget_type=\"heading.default\">\n\t\t\t\t<div class=\"elementor-widget-container\">\n\t\t\t\t\t<h2 class=\"elementor-heading-title elementor-size-default\">Deutschland<\/h2>\t\t\t\t<\/div>\n\t\t\t\t<\/div>\n\t\t\t\t<div class=\"elementor-element elementor-element-e3e305b elementor-widget elementor-widget-heading\" data-id=\"e3e305b\" data-element_type=\"widget\" data-e-type=\"widget\" data-settings=\"{&quot;motion_fx_motion_fx_scrolling&quot;:&quot;yes&quot;,&quot;motion_fx_opacity_effect&quot;:&quot;yes&quot;,&quot;motion_fx_opacity_range&quot;:{&quot;unit&quot;:&quot;%&quot;,&quot;size&quot;:&quot;&quot;,&quot;sizes&quot;:{&quot;start&quot;:18,&quot;end&quot;:38}},&quot;motion_fx_opacity_direction&quot;:&quot;out-in&quot;,&quot;motion_fx_opacity_level&quot;:{&quot;unit&quot;:&quot;px&quot;,&quot;size&quot;:10,&quot;sizes&quot;:[]},&quot;motion_fx_devices&quot;:[&quot;desktop&quot;,&quot;tablet&quot;,&quot;mobile&quot;]}\" data-widget_type=\"heading.default\">\n\t\t\t\t<div class=\"elementor-widget-container\">\n\t\t\t\t\t<h2 class=\"elementor-heading-title elementor-size-default\">Vor unserem Verkaufsraum kann man nicht parken. Wir empfehlen deshalb die umliegenden Stra\u00dfen der Altstadt oder das Parkhaus am Berliner Platz. Auf dem Fu\u00dfweg k\u00f6nnen Sie dann noch die sch\u00f6ne Altstadt Kronbergs kennenlernen.<\/h2>\t\t\t\t<\/div>\n\t\t\t\t<\/div>\n\t\t\t\t\t<\/div>\n\t\t<\/div>\n\t\t\t\t\t<\/div>\n\t\t<\/section>\n\t\t\t\t<\/div>\n\t\t","protected":false},"excerpt":{"rendered":"<p>Stahlger\u00f6hr GbR, Ott, Timon u. Guzman Bausch, Ricardo&nbsp;Ricardo Guzman Bausch und Timon Ott&nbsp;Katharinenstra\u00dfe 1461476 Kronberg&nbsp; Deutschland Telefonnummer: +49 157 39621997&nbsp;E-mail: info@stahlgeroehr.de DER VERKAUFSRAUM Wir verkaufen unsere Fahrr\u00e4der am liebsten, wenn wir das Fahrrad pers\u00f6nlich \u00fcberreichen k\u00f6nnen. Hierzu haben wir einen Verkaufsraum in Kronberg im Taunus. Fr\u00fcher war es mal ein Restaurant, nun sind hier unsere &hellip;<\/p>\n<p class=\"read-more\"> <a class=\"\" href=\"https:\/\/www.stahlgeroehr.de\/en\/kontakt\/\"> <span class=\"screen-reader-text\">CONTACT<\/span> Read More &raquo;<\/a><\/p>","protected":false},"author":1,"featured_media":0,"parent":0,"menu_order":0,"comment_status":"closed","ping_status":"closed","template":"","meta":{"site-sidebar-layout":"no-sidebar","site-content-layout":"page-builder","ast-global-header-display":"","ast-main-header-display":"","ast-hfb-above-header-display":"","ast-hfb-below-header-display":"","ast-hfb-mobile-header-display":"","site-post-title":"disabled","ast-breadcrumbs-content":"","ast-featured-img":"disabled","footer-sml-layout":"","theme-transparent-header-meta":"default","adv-header-id-meta":"","stick-header-meta":"","header-above-stick-meta":"","header-main-stick-meta":"","header-below-stick-meta":"","footnotes":""},"class_list":["post-3296","page","type-page","status-publish","hentry"],"_links":{"self":[{"href":"https:\/\/www.stahlgeroehr.de\/en\/wp-json\/wp\/v2\/pages\/3296","targetHints":{"allow":["GET"]}}],"collection":[{"href":"https:\/\/www.stahlgeroehr.de\/en\/wp-json\/wp\/v2\/pages"}],"about":[{"href":"https:\/\/www.stahlgeroehr.de\/en\/wp-json\/wp\/v2\/types\/page"}],"author":[{"embeddable":true,"href":"https:\/\/www.stahlgeroehr.de\/en\/wp-json\/wp\/v2\/users\/1"}],"replies":[{"embeddable":true,"href":"https:\/\/www.stahlgeroehr.de\/en\/wp-json\/wp\/v2\/comments?post=3296"}],"version-history":[{"count":58,"href":"https:\/\/www.stahlgeroehr.de\/en\/wp-json\/wp\/v2\/pages\/3296\/revisions"}],"predecessor-version":[{"id":3385,"href":"https:\/\/www.stahlgeroehr.de\/en\/wp-json\/wp\/v2\/pages\/3296\/revisions\/3385"}],"wp:attachment":[{"href":"https:\/\/www.stahlgeroehr.de\/en\/wp-json\/wp\/v2\/media?parent=3296"}],"curies":[{"name":"wp","href":"https:\/\/api.w.org\/{rel}","templated":true}]}}