{"id":364,"date":"2020-10-30T13:17:00","date_gmt":"2020-10-30T12:17:00","guid":{"rendered":"http:\/\/stahlgeroehr.de\/agb\/"},"modified":"2021-01-05T14:10:28","modified_gmt":"2021-01-05T13:10:28","slug":"agb","status":"publish","type":"page","link":"https:\/\/www.stahlgeroehr.de\/en\/agb\/","title":{"rendered":"general terms and conditions"},"content":{"rendered":"\t\t<div data-elementor-type=\"wp-page\" data-elementor-id=\"364\" class=\"elementor elementor-364\" data-elementor-post-type=\"page\">\n\t\t\t\t\t\t<section class=\"elementor-section elementor-top-section elementor-element elementor-element-28e9014c elementor-section-boxed elementor-section-height-default elementor-section-height-default\" data-id=\"28e9014c\" data-element_type=\"section\" data-e-type=\"section\">\n\t\t\t\t\t\t<div class=\"elementor-container elementor-column-gap-default\">\n\t\t\t\t\t<div class=\"elementor-column elementor-col-100 elementor-top-column elementor-element elementor-element-2d5b3b2f\" data-id=\"2d5b3b2f\" data-element_type=\"column\" data-e-type=\"column\">\n\t\t\t<div class=\"elementor-widget-wrap elementor-element-populated\">\n\t\t\t\t\t\t<section class=\"elementor-section elementor-inner-section elementor-element elementor-element-63d11c08 elementor-section-boxed elementor-section-height-default elementor-section-height-default\" data-id=\"63d11c08\" data-element_type=\"section\" data-e-type=\"section\">\n\t\t\t\t\t\t<div class=\"elementor-container elementor-column-gap-default\">\n\t\t\t\t\t<div class=\"elementor-column elementor-col-100 elementor-inner-column elementor-element elementor-element-3a43acd8\" data-id=\"3a43acd8\" data-element_type=\"column\" data-e-type=\"column\">\n\t\t\t<div class=\"elementor-widget-wrap elementor-element-populated\">\n\t\t\t\t\t\t\t<\/div>\n\t\t<\/div>\n\t\t\t\t\t<\/div>\n\t\t<\/section>\n\t\t\t\t<section class=\"elementor-section elementor-inner-section elementor-element elementor-element-15ddc2f8 elementor-section-boxed elementor-section-height-default elementor-section-height-default\" data-id=\"15ddc2f8\" data-element_type=\"section\" data-e-type=\"section\">\n\t\t\t\t\t\t<div class=\"elementor-container elementor-column-gap-default\">\n\t\t\t\t\t<div class=\"elementor-column elementor-col-100 elementor-inner-column elementor-element elementor-element-77ab5f1e\" data-id=\"77ab5f1e\" data-element_type=\"column\" data-e-type=\"column\">\n\t\t\t<div class=\"elementor-widget-wrap elementor-element-populated\">\n\t\t\t\t\t\t<div class=\"elementor-element elementor-element-4ad898a7 elementor-widget elementor-widget-text-editor\" data-id=\"4ad898a7\" data-element_type=\"widget\" data-e-type=\"widget\" data-widget_type=\"text-editor.default\">\n\t\t\t\t<div class=\"elementor-widget-container\">\n\t\t\t\t\t\t\t\t\t<p style=\"text-align: center;\"><i style=\"color: rgba(0, 0, 0, 0.74); font-family: 'Noto Sans TC', sans-serif; font-size: 1.33333rem;\"><b>&nbsp;<\/b><\/i><\/p>\n<p><i style=\"color: rgba(0, 0, 0, 0.74); font-family: 'Noto Sans TC', sans-serif; font-size: 1.33333rem;\"><b>I. GELTUNGSBEREICH<\/b><\/i><\/p>\n<p><i style=\"color: rgba(0, 0, 0, 0.74); font-family: 'Noto Sans TC', sans-serif; font-size: 1.33333rem;\"><b>&nbsp;<\/b><\/i><\/p>\n<p>F\u00fcr alle Lieferungen von Stahlger\u00f6hr GbR; Ott, Timon u. Guzman Bausch, Ricardo (nachfolgend Stahlger\u00f6hr) an Verbraucher gelten diese Allgemeinen Gesch\u00e4ftsbedingungen (AGB).<\/p>\n<p>Verbraucher ist jede nat\u00fcrliche Person, die ein Rechtsgesch\u00e4ft zu einem Zwecke abschlie\u00dft, der \u00fcberwiegend weder ihrer gewerblichen noch ihrer selbstst\u00e4ndigen beruflichen T\u00e4tigkeit zugerechnet werden kann.<\/p>\n<p><br><\/p>\n<p><\/p>\n<p><i style=\"color: rgba(0, 0, 0, 0.74); font-family: 'Noto Sans TC', sans-serif; font-size: 1.33333rem;\"><b>II. VERTRAGSPARTNER<\/b><\/i><\/p>\n<p><i style=\"color: rgba(0, 0, 0, 0.74); font-family: 'Noto Sans TC', sans-serif; font-size: 1.33333rem;\"><b>&nbsp;<\/b><\/i><\/p>\n<p>Der Kaufvertrag kommt zustande mit Stahlger\u00f6hr GbR; Ott, Timon u. Guzman Bausch, Ricardo, Inhaber: Timon Ott u. Ricardo Guzman Bausch, Katharinenstr. 14, 61476 Kronberg im Taunus.<\/p>\n<p><br><\/p>\n<p><\/p>\n<p><i style=\"color: rgba(0, 0, 0, 0.74); font-family: 'Noto Sans TC', sans-serif; font-size: 1.33333rem;\"><b>III. VERTRAGSSCHLUSS<\/b><\/i><\/p>\n<p><i style=\"color: rgba(0, 0, 0, 0.74); font-family: 'Noto Sans TC', sans-serif; font-size: 1.33333rem;\"><b>&nbsp;<\/b><\/i><\/p>\n<p>Die Darstellung der Produkte im Online-Shop stellt kein rechtlich bindendes Angebot, sondern nur eine Aufforderung zur Bestellung dar.<\/p>\n<p>Durch Anklicken des Buttons [Kaufen\/kostenpflichtig bestellen] geben Sie eine verbindliche Bestellung der auf der Bestellseite aufgelisteten Waren ab. Ihr Kaufvertrag kommt zustande, wenn wir Ihre Bestellung durch eine Auftragsbest\u00e4tigung per E-Mail unmittelbar nach dem Erhalt Ihrer Bestellung annehmen.<\/p>\n<p><br><\/p>\n<p><\/p>\n<p><i style=\"color: rgba(0, 0, 0, 0.74); font-family: 'Noto Sans TC', sans-serif; font-size: 1.33333rem;\"><b>IV. WIEDERRUFSRECHT<\/b><\/i><\/p>\n<p><i style=\"color: rgba(0, 0, 0, 0.74); font-family: 'Noto Sans TC', sans-serif; font-size: 1.33333rem;\"><b>&nbsp;<\/b><\/i><\/p>\n<p>Wenn Sie Verbraucher sind (also eine nat\u00fcrliche Person, die die Bestellung zu einem Zweck abgibt, der weder Ihrer gewerblichen oder selbst\u00e4ndigen beruflichen T\u00e4tigkeit zugerechnet werden kann), steht Ihnen nach Ma\u00dfgabe der gesetzlichen Bestimmungen ein Widerrufsrecht zu.<\/p>\n<p>Machen Sie als Verbraucher von Ihrem Widerrufsrecht nach Ziffer 4.1 Gebrauch, so haben Sie die regelm\u00e4\u00dfigen Kosten der R\u00fccksendung zu tragen.<\/p>\n<p>Im \u00dcbrigen gelten f\u00fcr das Widerrufsrecht die Regelungen, die im Einzelnen wiedergegeben sind in der folgenden<\/p>\n<p><br><\/p>\n<p><br><\/p>\n<p><\/p>\n<p style=\"text-align: center;\"><em>&nbsp;&#8211; Anfang der Widerrufsbelehrung &#8211;<\/em><\/p>\n<p style=\"text-align: center;\"><em><br><\/em><\/p>\n<p><\/p>\n<p><strong>Widerrufsrecht<\/strong><\/p>\n<p><strong><br><\/strong><\/p>\n<p><\/p>\n<p>Sie haben das Recht, binnen vierzehn Tagen ohne Angabe von Gr\u00fcnden diesen Vertrag zu widerrufen.<\/p>\n<p><\/p>\n<p>Die Widerrufsfrist betr\u00e4gt vierzehn Tage ab dem Tag an dem Sie oder ein von Ihnen benannter Dritter, der nicht der Bef\u00f6rderer ist, die Waren in Besitz genommen haben bzw. hat.<\/p>\n<p><\/p>\n<p>Um Ihr Widerrufsrecht auszu\u00fcben, m\u00fcssen Sie uns (Stahlger\u00f6hr GbR, Katharinenstra\u00dfe 14, 61476 Kronberg, stahlgeroehr@gmail.com, Telefon: 015739621997) nur mittels einer eindeutigen Erkl\u00e4rung (z.B. ein mit der Post versandter Brief oder E-Mail) \u00fcber Ihren Entschluss, diesen Vertrag zu widerrufen, informieren. Sie k\u00f6nnen daf\u00fcr das beigef\u00fcgte Muster-Widerrufsformular verwenden, das jedoch nicht vorgeschrieben ist. Zur Wahrung der Widerrufsfrist reicht es aus, dass Sie die Mitteilung \u00fcber die Aus\u00fcbung des Widerrufsrechts vor Ablauf der Widerrufsfrist absenden.<\/p>\n<p><br><\/p>\n<p><\/p>\n<p><strong>Widerrufsformular&nbsp;<\/strong><\/p>\n<p><strong><br><\/strong><\/p>\n<p><\/p>\n<p>(Wenn Sie den Vertrag widerrufen wollen, dann f\u00fcllen Sie bitte dieses Formular aus und senden Sie es zur\u00fcck.) an die:&nbsp;<\/p>\n<p><\/p>\n<p>Stahlger\u00f6hr GbR; Ott, Timon u. Guzman Bausch, Ricardo<\/p>\n<p>Katharinenstra\u00dfe 14<\/p>\n<p>61476 Kronberg<\/p>\n<p>Deutschland&nbsp;<\/p>\n<p>E-Mail: stahlgeroehr@gmail.com&nbsp;<\/p>\n<p><\/p>\n<p>Hiermit widerrufe(n) ich\/wir (*) den von mir\/uns (*) abgeschlossenen Vertrag \u00fcber den Kauf der folgenden Waren (*) \/ die Erbringung der folgenden Dienstleistung (*) _______________________________________________ _______________________________________________ Bestellt am ___________________ (*)\/erhalten am _______________________(*) Name des\/der Verbraucher(s) ______________________________________ Anschrift des\/der Verbraucher(s) _________________________________ _________________________________ _________________________________ __________________________________________________________________<\/p>\n<p><\/p>\n<p>Datum Unterschrift des\/der Verbraucher(s) (nur bei Mitteilung auf Papier) __________________________________________________________________&nbsp;<\/p>\n<p>(*) Unzutreffendes streichen&nbsp;<\/p>\n<p><\/p>\n<p>_________________________________________________&nbsp;<\/p>\n<p><br><\/p>\n<p><\/p>\n<p><strong>Folgen des Widerrufs<\/strong><\/p>\n<p><strong><br><\/strong><\/p>\n<p><\/p>\n<p>Wenn Sie diesen Vertrag widerrufen, haben wir Ihnen alle Zahlungen, die wir von Ihnen erhalten haben, einschlie\u00dflich der Lieferkosten (mit Ausnahme der zus\u00e4tzlichen Kosten, die sich daraus ergeben, dass Sie eine andere Art der Lieferung als die von uns angebotene, g\u00fcnstigste Standardlieferung gew\u00e4hlt haben), unverz\u00fcglich und sp\u00e4testens binnen vierzehn Tagen ab dem Tag zur\u00fcckzuzahlen, an dem die Mitteilung \u00fcber Ihren Widerruf dieses Vertrags bei uns eingegangen ist. F\u00fcr diese R\u00fcckzahlung verwenden wir dasselbe Zahlungsmittel, das Sie bei der urspr\u00fcnglichen Transaktion eingesetzt haben, es sei denn, mit Ihnen wurde ausdr\u00fccklich etwas anderes vereinbart; in keinem Fall werden Ihnen wegen dieser R\u00fcckzahlung Entgelte berechnet. Wir k\u00f6nnen die R\u00fcckzahlung verweigern, bis wir die Waren wieder zur\u00fcckerhalten haben oder bis Sie den Nachweis erbracht haben, dass Sie die Waren zur\u00fcckgesandt haben, je nachdem, welches der fr\u00fchere Zeitpunkt ist.<\/p>\n<p><\/p>\n<p>Sie haben die Waren unverz\u00fcglich und in jedem Fall sp\u00e4testens binnen vierzehn Tagen ab dem Tag, an dem Sie uns \u00fcber den Widerruf dieses Vertrages unterrichten, an uns oder an (hier sind gegebenenfalls der Name und die Anschrift der von Ihnen zur Entgegennahme der Ware erm\u00e4chtigten Person einzuf\u00fcgen) zur\u00fcckzusenden oder zu \u00fcbergeben. Die Frist ist gewahrt, wenn Sie die Waren vor Ablauf der Frist von vierzehn Tagen absenden.<\/p>\n<p><\/p>\n<p>Sie tragen die unmittelbaren Kosten der R\u00fccksendung der Waren.<\/p>\n<p><\/p>\n<p>Sie m\u00fcssen f\u00fcr einen etwaigen Wertverlust der Waren nur aufkommen, wenn dieser Wertverlust auf einen zur Pr\u00fcfung der Beschaffenheit, Eigenschaften und Funktionsweise der Waren nicht notwendigen Umgang mit ihnen zur\u00fcckzuf\u00fchren ist.<\/p>\n<p><br><\/p>\n<p><br><\/p>\n<p><\/p>\n<p style=\"text-align: center;\"><em>&#8211; Ende der Widerrufsbelehrung &#8211;<\/em><\/p>\n<div>&nbsp;<\/div>\n<p><\/p>\n<p><i style=\"color: rgba(0, 0, 0, 0.74); font-family: 'Noto Sans TC', sans-serif; font-size: 1.33333rem;\"><b>V. PREISE UND VERSANDKOSTEN<\/b><\/i><\/p>\n<p><i style=\"color: rgba(0, 0, 0, 0.74); font-family: 'Noto Sans TC', sans-serif; font-size: 1.33333rem;\"><b>&nbsp;<\/b><\/i><\/p>\n<p>Zus\u00e4tzlich zu den angegebenen Preisen berechnen wir f\u00fcr die Lieferung innerhalb Deutschlands einen angepassten Betrag pro Bestellung. Die Versandkosten werden Ihnen auf den Produktseiten, im Warenkorbsystem und auf der Bestellseite nochmals deutlich mitgeteilt. Dieser angepasste Betrag richtet sich nach der Gr\u00f6\u00dfe des Pakets und variiert zwischen 1,70\u20ac (Warenpost) und 150\u20ac (UPS International).<\/p>\n<p><\/p>\n<div>&nbsp;<\/div>\n<p><\/p>\n<p><i style=\"color: rgba(0, 0, 0, 0.74); font-family: 'Noto Sans TC', sans-serif; font-size: 1.33333rem;\"><b>VI. LIEFERUNG<\/b><\/i><\/p>\n<p><i style=\"color: rgba(0, 0, 0, 0.74); font-family: 'Noto Sans TC', sans-serif; font-size: 1.33333rem;\"><b>&nbsp;<\/b><\/i><\/p>\n<p>Die Lieferung erfolgt in EU-L\u00e4nder mit DHL, GLS, UPS und Hermes.<\/p>\n<p>Die Lieferzeit betr\u00e4gt bis zu 5 Tage. Auf eventuell abweichende Lieferzeiten weisen wir auf der jeweiligen Produktseite hin.<\/p>\n<p><br><\/p>\n<div>\n<\/div>\n<p><i style=\"color: rgba(0, 0, 0, 0.74); font-family: 'Noto Sans TC', sans-serif; font-size: 1.33333rem;\"><b>VII. ZAHLUNG<\/b><\/i><\/p>\n<p><i style=\"color: rgba(0, 0, 0, 0.74); font-family: 'Noto Sans TC', sans-serif; font-size: 1.33333rem;\"><b>&nbsp;<\/b><\/i><\/p>\n<p>Die Zahlung erfolgt per Vorkasse.<\/p>\n<p>Bei Auswahl der Zahlungsart Vorkasse nennen wir Ihnen unsere Bankverbindung oder PayPal-Verbindung in der Auftragsbest\u00e4tigung und liefern die Ware nach Zahlungseingang.<\/p>\n<p><br><\/p>\n<div>\n<\/div>\n<p><i style=\"color: rgba(0, 0, 0, 0.74); font-family: 'Noto Sans TC', sans-serif; font-size: 1.33333rem;\"><b>VIII. EIGENTUMSVORBEHALT<\/b><\/i><\/p>\n<p><i style=\"color: rgba(0, 0, 0, 0.74); font-family: 'Noto Sans TC', sans-serif; font-size: 1.33333rem;\"><b>&nbsp;<\/b><\/i><\/p>\n<p>Bis zur vollst\u00e4ndigen Zahlung bleibt die Ware unser Eigentum.<\/p>\n<div>&nbsp;<\/div>\n<div>&nbsp;<\/div>\n<p><\/p>\n<p><i style=\"color: rgba(0, 0, 0, 0.74); font-family: 'Noto Sans TC', sans-serif; font-size: 1.33333rem;\"><b>IX. STREITBETEILIGUNG<\/b><\/i><\/p>\n<p><i style=\"color: rgba(0, 0, 0, 0.74); font-family: 'Noto Sans TC', sans-serif; font-size: 1.33333rem;\"><b>&nbsp;<\/b><\/i><\/p>\n<p>Die EU-Kommission hat eine Internetplattform zur Online-Beilegung von Streitigkeiten geschaffen. Die Plattform dient als Anlaufstelle zur au\u00dfergerichtlichen Beilegung von Streitigkeiten betreffend vertragliche Verpflichtungen, die aus Online-Kaufvertr\u00e4gen erwachsen. N\u00e4here Informationen sind unter dem folgenden Link verf\u00fcgbar: http:\/\/ec.europa.eu\/consumers\/odr. Wir sind zur Beilegung von Streitigkeiten mit Verbrauchern zur Teilnahme an einem Streitbeilegungsverfahren vor einer Verbraucherschlichtungsstelle bereit. Die zust\u00e4ndige Verbraucherschlichtungsstelle ist: Universalschlichtungsstelle des Bundes Zentrum f\u00fcr Schlichtung e.V., Stra\u00dfburger Stra\u00dfe 8, 77694 Kehl am Rhein, www.verbraucher-schlichter.de. Zur Beilegung der genannten Streitigkeiten werden wir in einem Streitbeilegungsverfahren vor dieser Stelle teilnehmen.<\/p>\n<div><br><\/div>\t\t\t\t\t\t\t\t<\/div>\n\t\t\t\t<\/div>\n\t\t\t\t\t<\/div>\n\t\t<\/div>\n\t\t\t\t\t<\/div>\n\t\t<\/section>\n\t\t\t\t\t<\/div>\n\t\t<\/div>\n\t\t\t\t\t<\/div>\n\t\t<\/section>\n\t\t\t\t<section class=\"elementor-section elementor-top-section elementor-element elementor-element-6bed187 elementor-section-boxed elementor-section-height-default elementor-section-height-default\" data-id=\"6bed187\" data-element_type=\"section\" data-e-type=\"section\">\n\t\t\t\t\t\t<div class=\"elementor-container elementor-column-gap-default\">\n\t\t\t\t\t<div class=\"elementor-column elementor-col-100 elementor-top-column elementor-element elementor-element-1d4c4ff\" data-id=\"1d4c4ff\" data-element_type=\"column\" data-e-type=\"column\">\n\t\t\t<div class=\"elementor-widget-wrap elementor-element-populated\">\n\t\t\t\t\t\t<div class=\"elementor-element elementor-element-6bb9283 elementor-widget elementor-widget-spacer\" data-id=\"6bb9283\" data-element_type=\"widget\" data-e-type=\"widget\" data-widget_type=\"spacer.default\">\n\t\t\t\t<div class=\"elementor-widget-container\">\n\t\t\t\t\t\t\t<div class=\"elementor-spacer\">\n\t\t\t<div class=\"elementor-spacer-inner\"><\/div>\n\t\t<\/div>\n\t\t\t\t\t\t<\/div>\n\t\t\t\t<\/div>\n\t\t\t\t\t<\/div>\n\t\t<\/div>\n\t\t\t\t\t<\/div>\n\t\t<\/section>\n\t\t\t\t<\/div>\n\t\t","protected":false},"excerpt":{"rendered":"<p>&nbsp; I. GELTUNGSBEREICH &nbsp; F\u00fcr alle Lieferungen von Stahlger\u00f6hr GbR; Ott, Timon u. Guzman Bausch, Ricardo (nachfolgend Stahlger\u00f6hr) an Verbraucher gelten diese Allgemeinen Gesch\u00e4ftsbedingungen (AGB). Verbraucher ist jede nat\u00fcrliche Person, die ein Rechtsgesch\u00e4ft zu einem Zwecke abschlie\u00dft, der \u00fcberwiegend weder ihrer gewerblichen noch ihrer selbstst\u00e4ndigen beruflichen T\u00e4tigkeit zugerechnet werden kann. II. VERTRAGSPARTNER &nbsp; Der Kaufvertrag &hellip;<\/p>\n<p class=\"read-more\"> <a class=\"\" href=\"https:\/\/www.stahlgeroehr.de\/en\/agb\/\"> <span class=\"screen-reader-text\">general terms and conditions<\/span> Read More &raquo;<\/a><\/p>","protected":false},"author":1,"featured_media":0,"parent":0,"menu_order":0,"comment_status":"closed","ping_status":"closed","template":"","meta":{"site-sidebar-layout":"no-sidebar","site-content-layout":"page-builder","ast-global-header-display":"","ast-main-header-display":"","ast-hfb-above-header-display":"","ast-hfb-below-header-display":"","ast-hfb-mobile-header-display":"","site-post-title":"disabled","ast-breadcrumbs-content":"","ast-featured-img":"disabled","footer-sml-layout":"","theme-transparent-header-meta":"","adv-header-id-meta":"","stick-header-meta":"","header-above-stick-meta":"","header-main-stick-meta":"","header-below-stick-meta":"","footnotes":""},"class_list":["post-364","page","type-page","status-publish","hentry"],"_links":{"self":[{"href":"https:\/\/www.stahlgeroehr.de\/en\/wp-json\/wp\/v2\/pages\/364","targetHints":{"allow":["GET"]}}],"collection":[{"href":"https:\/\/www.stahlgeroehr.de\/en\/wp-json\/wp\/v2\/pages"}],"about":[{"href":"https:\/\/www.stahlgeroehr.de\/en\/wp-json\/wp\/v2\/types\/page"}],"author":[{"embeddable":true,"href":"https:\/\/www.stahlgeroehr.de\/en\/wp-json\/wp\/v2\/users\/1"}],"replies":[{"embeddable":true,"href":"https:\/\/www.stahlgeroehr.de\/en\/wp-json\/wp\/v2\/comments?post=364"}],"version-history":[{"count":39,"href":"https:\/\/www.stahlgeroehr.de\/en\/wp-json\/wp\/v2\/pages\/364\/revisions"}],"predecessor-version":[{"id":3376,"href":"https:\/\/www.stahlgeroehr.de\/en\/wp-json\/wp\/v2\/pages\/364\/revisions\/3376"}],"wp:attachment":[{"href":"https:\/\/www.stahlgeroehr.de\/en\/wp-json\/wp\/v2\/media?parent=364"}],"curies":[{"name":"wp","href":"https:\/\/api.w.org\/{rel}","templated":true}]}}